{"id":63,"date":"2026-01-25T11:02:55","date_gmt":"2026-01-25T02:02:55","guid":{"rendered":"https:\/\/rainflower-corp.com\/hyakujuku\/?page_id=63"},"modified":"2026-01-28T02:38:12","modified_gmt":"2026-01-27T17:38:12","slug":"understanding_the_difficulty_of_math","status":"publish","type":"page","link":"https:\/\/rainflower-corp.com\/hyakujuku\/understanding_the_difficulty_of_math\/","title":{"rendered":"\u7d76\u5bfe\u77e5\u3063\u3066\u304a\u304f\u3079\u304d\u300c\u5927\u5b66\u53d7\u9a13\u6570\u5b66\u300d\u306e\u7279\u5fb4"},"content":{"rendered":"\n<h2 class=\"wp-block-heading\">\u7279\u5fb4\u2776  \u5927\u5b66\u53d7\u9a13\u6570\u5b66\u306f<br>\u201c\u4e0d\u5408\u683c\u201d\u304c\u6c7a\u307e\u308b\u6050\u308d\u3057\u3044\u79d1\u76ee\u3002<\/h2>\n\n\n\n<p>\u5927\u5b66\u53d7\u9a13\u300c\u6570\u5b66\u300d\u306e\u4e00\u756a\u306e\u7279\u5fb4\u306f\u3001\u5927\u554f\u306e\u6570\u304c\u5c11\u306a\u3044\u3053\u3068\u3060\u3002<\/p>\n\n\n\n<p>\u96e3\u95a2\u5927\u5b66\u306e\u5165\u8a66\u554f\u984c\u306e\u5927\u554f\u6570\u306f\u3001\u5e73\u5747\u3057\u3066\uff14\uff5e\uff15\u984c\u3002<br>100\u70b9\u6e80\u70b9\u306e\u30c6\u30b9\u30c8\u3060\u3068\u3059\u308b\u3068\u30011\u984c\u3042\u305f\u308a20\u70b9\uff5e25\u70b9\u3068\u3044\u3046\u8a08\u7b97\u3060\u3002<\/p>\n\n\n\n<p>\u3053\u308c\u304c\u610f\u5473\u3059\u308b\u306e\u306f\u3001<\/p>\n\n\n\n<p><span data-fontSize=\"18px\" style=\"font-size: 18px;\" class=\"vk_inline-font-size\"><strong><mark style=\"background-color:rgba(0, 0, 0, 0)\" class=\"has-inline-color has-vivid-red-color\">\u9014\u4e2d\u305f\u3063\u305f1\u5ea6\u3001\u8a08\u7b97\u3092\u9593\u9055\u3048\u305f\u3060\u3051\u3067\u3001\u4e00\u6c17\u306b25\u70b9\u3092\u5931\u3046<\/mark><\/strong><\/span><\/p>\n\n\n\n<p>\u30ea\u30b9\u30af\u304c\u3042\u308b\u3068\u3044\u3046\u3053\u3068\u3060\u3002\u3053\u308c\u306f\u4ed6\u306e\u79d1\u76ee\u306b\u306f\u306a\u3044\u3001\u6570\u5b66\u3060\u3051\u306e\u7279\u5fb4\u3060\u3002<\/p>\n\n\n\n<p>\u4ed6\u306e\u79d1\u76ee\u306b\u6bd4\u3079\u3066\u554f\u984c\u6570\u304c\u5c11\u306a\u3044\u305f\u3081\u30011\u554f\u5f53\u305f\u308a\u306e\u914d\u70b9\u3082\u975e\u5e38\u306b\u5927\u304d\u3044\u3002<br>\u3060\u304b\u3089\u3001\u5927\u5b66\u53d7\u9a13\u6570\u5b66\u306f<strong>\u3061\u3087\u3063\u3068\u306e\u30df\u30b9\u3067\u81f4\u547d\u7684\u5927\u5931\u70b9<\/strong>\u3092\u3057\u3066\u3057\u307e\u3046\u79d1\u76ee<\/p>\n\n\n\n<p>\u307e\u3055\u306b\u300c\u4e0d\u5408\u683c\u300d\u3092\u6c7a\u5b9a\u3065\u3051\u3046\u308b\u6050\u308d\u3057\u3044\u79d1\u76ee\u306a\u306e\u3060\u3002<\/p>\n\n\n\n<h2 class=\"wp-block-heading\">\u7279\u5fb4\u2777  \u5b9a\u671f\u30c6\u30b9\u30c8\u3068\u5165\u8a66\u3067\u306f\u3001<br><span data-color=\"#ff6900\" style=\"--vk-highlighter-color: rgba(255, 105, 0, 0.7);\" class=\"vk_highlighter\">\u554f\u984c\u306e\u30ec\u30d9\u30eb\u304c\u307e\u3063\u305f\u304f\u9055\u3046<\/span>\uff01<\/h2>\n\n\n\n<p>\u3069\u308c\u3050\u3089\u3044\u554f\u984c\u306e\u30ec\u30d9\u30eb\u304c\u9055\u3046\u304b\u3092\u3001\u9806\u3092\u8ffd\u3063\u3066\u8aac\u660e\u3057\u3088\u3046\u3002<\/p>\n\n\n\n<h3 class=\"wp-block-heading\">\u5b9a\u671f\u30c6\u30b9\u30c8\u306f50\u5206\u3001\u5927\u5b66\u5165\u8a66\u306f120\u5206\uff01\uff1f<\/h3>\n\n\n\n<p>\u5b66\u6821\u306e\u6570\u5b66\u306e<strong>\u5b9a\u671f\u30c6\u30b9\u30c8\u306e\u5236\u9650\u6642\u9593<\/strong>\u306f\u4f55\u5206\u3060\u308d\u3046\u304b\uff1f<br>\u307b\u3068\u3093\u3069\u306e\u5b66\u6821\u304c<strong><span data-fontsize=\"16px\" style=\"font-size: 16px;\" class=\"vk_inline-font-size\">50\u5206<\/span><\/strong>\u306e\u306f\u305a\u3060\u3002<br>\u3057\u304b\u3057\u3001\u5927\u5b66\u5165\u8a66\u3068\u306a\u308b\u3068\u3001\u591a\u304f\u306e\u96e3\u95a2\u5927\u5b66\u3084\u56fd\u516c\u7acb\u4e8c\u6b21\u8a66\u9a13\u3067\u306f<strong>120\u5206<\/strong>\u3001\u6771\u5927\u306f<strong>150\u5206<\/strong>\u3001\u6771\u4eac\u79d1\u5b66\u5927\uff08\u533b\u5b66\u90e8\u3092\u9664\u304f\uff09\u306f<strong>180\u5206<\/strong>\u3067\u3042\u308b\u3002\u305d\u3057\u3066\u305d\u306e120\u5206\u4ee5\u4e0a\u306e\u8a66\u9a13\u6642\u9593\u306e\u306a\u304b\u3067\u89e3\u304f\u554f\u984c\u6570\u306f\u30013\u984c\uff5e\uff16\u984c\u3001\u3064\u307e\u308a1\u984c\u89e3\u304f\u306e\u306b\u7d0430\u5206\u3002\u5b9f\u969b\u306f\u3082\u3063\u3068\u6642\u9593\u304c\u304b\u304b\u308b\u554f\u984c\u3082\u591a\u304f\u3001<strong>1\u984c\u89e3\u304f\u306e\u306b30\u5206\uff5e\uff11\u6642\u9593\u4ee5\u4e0a<\/strong>\u3082\u306e\u6642\u9593\u3092\u8981\u3059\u308b\u3002<br>\u3055\u3066\u3001\u5b9a\u671f\u30c6\u30b9\u30c8\u306e\u554f\u984c\u6570\u306f\u3069\u308c\u3050\u3089\u3044\u3060\u308d\u3046\u304b\u3002\u7d04\uff11\uff10\u984c\uff5e\uff11\uff15\u984c\u7a0b\u5ea6\u30011\u984c\u306b5\u5206\u524d\u5f8c\u3057\u304b\u304b\u3051\u3089\u308c\u306a\u3044\u3002\u3064\u307e\u308a\u3001\u5927\u5b66\u53d7\u9a13\u306e\u5165\u8a66\u554f\u984c\u306f\u5b9a\u671f\u30c6\u30b9\u30c8\u306e\u4f55\u500d\u3082\u96e3\u3057\u3044\u306e\u3067\u3042\u308b\u3002<\/p>\n\n\n\n<h3 class=\"wp-block-heading\">\u5b9a\u671f\u30c6\u30b9\u30c8\u3092\u3044\u304f\u3089\u9811\u5f35\u3063\u3066\u3082\u672c\u7269\u306e\u5165\u8a66\u30ec\u30d9\u30eb\u306e\u554f\u984c\u3092\u7d4c\u9a13\u3067\u304d\u306a\u3044\uff01<\/h3>\n\n\n\n<p>\u5b9a\u671f\u30c6\u30b9\u30c8\u306f\u3001\u3042\u304f\u307e\u3067\u6559\u79d1\u66f8\u3092\u57fa\u6e96\u3068\u3057\u305f\u57fa\u790e\u89e3\u6cd5\u304c\u7fd2\u5f97\u3067\u304d\u3066\u3044\u308b\u304b\u306e\u30c1\u30a7\u30c3\u30af\u304c\u76ee\u7684\u3060\u304b\u3089\u300150\u5206\u3067\u6559\u79d1\u66f8\u30ec\u30d9\u30eb\u3001\u6e96\u62e0\u554f\u984c\u96c6\u30ec\u30d9\u30eb\u306e\u554f\u984c\u3092\u7d20\u65e9\u304f\u89e3\u304f\u30c6\u30b9\u30c8\u3067\u3042\u308b\u3002\u5b9a\u671f\u30c6\u30b9\u30c8\u3067\u672c\u7269\u306e\u5927\u5b66\u53d7\u9a13\u306e\u554f\u984c\u304c\u51fa\u308b\u3053\u3068\u306f\u306a\u3044\u3002\u4f55\u6545\u306a\u3089\u96e3\u95a2\u5927\u5b66\u30ec\u30d9\u30eb\u306e\u554f\u984c\u306f1\u984c\u89e3\u304f\u306e\u306b30\u5206\u4ee5\u4e0a\u3092\u8981\u3059\u308b\u3002\u30b9\u30e9\u30b9\u30e9\u89e3\u3044\u3066\u305d\u306e\u6642\u9593\u3060\u3002\u5b9a\u671f\u30c6\u30b9\u30c8\u306e\u5236\u9650\u6642\u959350\u5206\u3067\u672c\u7269\u306e\u5927\u5b66\u53d7\u9a13\u306e\u554f\u984c\u304c\u51fa\u305b\u308b\u308f\u3051\u304c\u306a\u3044\u3002\u3060\u304b\u3089\u3001\u5b9a\u671f\u30c6\u30b9\u30c8\u3060\u3051\u3092\u9811\u5f35\u3063\u3066\u52c9\u5f37\u3057\u3066\u3044\u308b\u3068\u3001\u9ad8\u68213\u5e74\u306b\u306a\u3063\u3066\u3044\u3056\u5fd7\u671b\u6821\u306e\u904e\u53bb\u554f\u3092\u898b\u305f\u3068\u304d\u306b\u3001\u305d\u306e\u96e3\u3057\u3055\u306b\u7d76\u671b\u3092\u5473\u308f\u3046\u3053\u3068\u306b\u306a\u308b\u3002<br>\u300c\u3044\u3084\u3044\u3084\u3001\u3046\u3061\u306e\u5b66\u6821\u306f\u5165\u8a66\u554f\u984c\u304c\u51fa\u308b\u3093\u3067\u3059\uff01\u300d\u3068\u8a00\u3046\u4eba\u3082\u3044\u308b\u304b\u3082\u3057\u308c\u306a\u3044\u304c\u3001\u554f\u984c\u306e\u6a2a\u306b\u3053\u308c\u307f\u3088\u304c\u3057\u306b\uff08\u5927\u962a\u5927\uff09\uff08\u4eac\u90fd\u5927\uff09\u306a\u3069\u3068\u66f8\u3044\u3066\u3042\u308b\u5b9a\u671f\u30c6\u30b9\u30c8\u306e\u554f\u984c\u306f\u3001\u4eca\u306e\u672c\u7269\u306e\u5165\u8a66\u554f\u984c\u3067\u306f\u306a\u3044\u3002\u591a\u304f\u306f\u4e00\u90e8\u3092\u53d6\u308a\u51fa\u3057\u3066\u6539\u984c\u3057\u305f\u554f\u984c\u3084\u3001\u4eca\u3068\u306a\u3063\u3066\u306f\u5178\u578b\u554f\u984c\u5165\u308a\u3057\u305f\u30e9\u30a4\u30c8\u306a\u554f\u984c\u306a\u306e\u3060\u3002\u305f\u3068\u3048\u3070\u3068\u3042\u308b\u5b66\u6821\u306e\u5b9a\u671f\u30c6\u30b9\u30c8\u3067\u51fa\u984c\u3055\u308c\u305f\u4e0b\u306e\u554f\u984c\u306f\u3069\u3046\u3060\u308d\u3046\uff1f<\/p>\n\n\n\n<p>\u300c1995\u00d71994\u00d71993\u00d7\u2026\u00d72\u00d71\u306f\u672b\u5c3e\u306b0\u304c\u4f55\u500b\u4e26\u3076\u304b\u3002\uff08\u6570\u5b66\u30aa\u30ea\u30f3\u30d4\u30c3\u30af\uff09\u300d<\/p>\n\n\n\n<p>\u300c\u6570\u5b66\u30aa\u30ea\u30f3\u30d4\u30c3\u30af\uff01\uff1f\u300d\u3068\u9a5a\u3044\u305f\u304b\u3082\u3057\u308c\u306a\u3044\u3002\u3053\u308c\u306f1995\u5e74\u6570\u5b66\u30aa\u30ea\u30f3\u30d4\u30c3\u30af\u306e\u4e88\u9078\u306e\u554f\u984c\u306a\u306e\u3060\u304c\u3001\u4eca\u3068\u306a\u3063\u3066\u306f\u6559\u79d1\u66f8\u3084\u5178\u578b\u554f\u984c\u96c6\u306e\u4f8b\u984c\u306b\u5165\u3063\u3066\u3057\u307e\u3046\u554f\u984c\u3060\u3002\u6574\u6570\u304c\u5fc5\u4fee\u8ab2\u7a0b\u3060\u3063\u305f\u9803\u306e\u8fd1\u5e74\u306e\u9ad8\u6821\u751f\u306a\u30895\u5206\u3067\u89e3\u3051\u306a\u3051\u308c\u3070\u3070\u306a\u3089\u306a\u3044\u3002<\/p>\n\n\n\n<p><\/p>\n\n\n\n<h2 class=\"wp-block-heading\">\u7279\u5fb4\u2778  \u9ad8\u6821\u53d7\u9a13\u3068\u540c\u3058\u52c9\u5f37\u65b9\u6cd5\u3067\u306f\u901a\u7528\u3057\u306a\u3044\uff01<\/h2>\n\n\n\n<p>\u4e00\u822c\u7684\u306a\u9ad8\u6821\u53d7\u9a13\u6570\u5b66\u306e\u8a66\u9a13\u6642\u9593\u306f50\u5206\u3067\u3042\u308a\u3001\u5b66\u6821\u306e\u5b9a\u671f\u30c6\u30b9\u30c8\u3068\u540c\u3058\u6642\u9593\u3067\u3042\u308b\u3002\u3060\u304b\u3089\u3001\u9ad8\u6821\u53d7\u9a13\u3067\u306f\u5b66\u6821\u306e\u5b9a\u671f\u30c6\u30b9\u30c8\u3092\u9811\u5f35\u3063\u3066\u3044\u308c\u3070\u4f55\u3068\u304b\u5165\u8a66\u30ec\u30d9\u30eb\u306b\u5230\u9054\u53ef\u80fd\u3060\u3063\u305f\u3002\u3057\u304b\u3057\u3001\u4e0a\u306b\u3082\u8ff0\u3079\u305f\u3088\u3046\u306b\u5927\u5b66\u53d7\u9a13\u6570\u5b66\u306f\u3001\u5b9a\u671f\u30c6\u30b9\u30c8\u3068\u6b21\u5143\u304c\u9055\u3046\u3002<\/p>\n\n\n\n<p>\u4e0b\u56f3\u3010\u9ad8\u6821\u53d7\u9a13\u306e\u30b9\u30c6\u30c3\u30d7\u30a2\u30c3\u30d7\u3011\u306b\u793a\u3059\u3088\u3046\u306b\u9ad8\u6821\u53d7\u9a13\u3067\u306f\u5b9a\u671f\u30c6\u30b9\u30c8\u52c9\u5f37\u3067\u826f\u3044\u6210\u7e3e\u3092\u53d6\u308b\u2192\u6a21\u8a66\u3067\u70b9\u6570\u3092\u53d6\u308c\u308b\u3088\u3046\u306b\u5e83\u3044\u7bc4\u56f2\u306e\u5fa9\u7fd2\u3092\u3059\u308b\u2192\u9ad8\u6821\u53d7\u9a13\u306e\u904e\u53bb\u554f\u3067\u6f14\u7fd2\u3092\u7a4d\u3080\u3001\u3068\u3044\u3046\u5177\u5408\u306b\u666e\u901a\u306e\u52aa\u529b\u3067\u5165\u8a66\u30ec\u30d9\u30eb\u306b\u30b9\u30c6\u30c3\u30d7\u30a2\u30c3\u30d7\u3067\u304d\u305f\u3002<\/p>\n\n\n\n<figure class=\"wp-block-image size-full is-resized\"><img loading=\"lazy\" decoding=\"async\" width=\"842\" height=\"595\" src=\"https:\/\/rainflower-corp.com\/hyakujuku\/wp-content\/uploads\/2026\/01\/difficulty_of_math_step1.jpg\" alt=\"\u9ad8\u6821\u53d7\u9a13\u306b\u304a\u3044\u3066\u53d7\u9a13\u30ec\u30d9\u30eb\u307e\u3067\u9054\u3059\u308b\u306e\u306b\u3001\u5b9a\u671f\u30c6\u30b9\u30c8\u2192\u6a21\u64ec\u8a66\u9a13\u2192\u9ad8\u6821\u53d7\u9a13\u672c\u756a\u3001\u3068\u6bd4\u8f03\u7684\u9806\u8abf\u306b\u30b9\u30c6\u30c3\u30d7\u30a2\u30c3\u30d7\u304c\u671b\u3081\u308b\u3053\u3068\u3092\u793a\u3057\u305f\u6982\u5ff5\u56f3\" class=\"wp-image-126\" style=\"width:582px;height:auto\"\/><\/figure>\n\n\n\n<p>\u4e00\u65b9\u3001\u5927\u5b66\u53d7\u9a13\u6570\u5b66\u306f\u3001\u4e0b\u56f3\u3010\u5927\u5b66\u53d7\u9a13\u306e\u30b9\u30c6\u30c3\u30d7\u30a2\u30c3\u30d7\u3011\u306e\u3088\u3046\u306b\u5b9a\u671f\u30c6\u30b9\u30c8\u3068\u5165\u8a66\u672c\u756a\u3068\u306e\u30ae\u30e3\u30c3\u30d7\u304c\u5927\u304d\u3059\u304e\u3066\u3001\u5b9a\u671f\u30c6\u30b9\u30c8\u3092\u3044\u304f\u3089\u9811\u5f35\u3063\u3066\u52c9\u5f37\u3057\u305f\u3068\u3057\u3066\u3082\u3001\u307b\u3068\u3093\u3069\u306e\u9ad8\u6821\u751f\u304c\u76ee\u7684\u306e\u5165\u8a66\u30ec\u30d9\u30eb\u306b\u5230\u9054\u3057\u3048\u306a\u3044\u306e\u3060\u30021\u554f\u30925\u5206\u3067\u89e3\u304f\u30c6\u30b9\u30c8\u3068\u30011\u554f\u309230\u5206\u3067\u89e3\u304f\u30c6\u30b9\u30c8\u3067\u306f\u96e3\u6613\u5ea6\u306e\u30ae\u30e3\u30c3\u30d7\u304c\u3042\u308a\u3059\u304e\u308b\u306e\u3060\u3002<\/p>\n\n\n\n<figure class=\"wp-block-image size-full is-resized\"><img loading=\"lazy\" decoding=\"async\" width=\"842\" height=\"595\" src=\"https:\/\/rainflower-corp.com\/hyakujuku\/wp-content\/uploads\/2026\/01\/difficulty_of_math_step2.jpg\" alt=\"\u5927\u5b66\u53d7\u9a13\u306b\u304a\u3044\u3066\u306f\u3001\u5b9a\u671f\u30c6\u30b9\u30c8\u2192\u5927\u5b66\u53d7\u9a13\u672c\u756a\u3078\u306e\u96e3\u6613\u5ea6\u306e\u30ae\u30e3\u30c3\u30d7\u304c\u5927\u304d\u3059\u304e\u3066\u3001\u9ad8\u6821\u53d7\u9a13\u306e\u3088\u3046\u306b\u5b66\u6821\u306e\u52c9\u5f37\u304b\u3089\u30b9\u30c6\u30c3\u30d7\u30a2\u30c3\u30d7\u3059\u308b\u3053\u3068\u304c\u96e3\u3057\u3044\u3001\u3068\u3044\u3046\u6982\u5ff5\u56f3\" class=\"wp-image-127\" style=\"width:563px;height:auto\"\/><\/figure>\n\n\n\n<p><br>\u305d\u3046\u306a\u308b\u3068\u3001\u5927\u5b66\u53d7\u9a13\u306f<strong><span data-fontsize=\"18px\" style=\"font-size: 18px;\" class=\"vk_inline-font-size\">\u5927\u5b66\u53d7\u9a13\u306e\u305f\u3081\u306e\u5225\u306e\u30eb\u30fc\u30c8\u3067\u30b9\u30c6\u30c3\u30d7\u30a2\u30c3\u30d7<\/span><\/strong>\u3057\u3066\u3044\u304f\u5fc5\u8981\u304c\u3042\u308b\u3002\u3059\u306a\u308f\u3061\u3001\u9ad8\u68211\u5e74\u6b21\u304b\u3089<strong><span data-fontSize=\"18px\" style=\"font-size: 18px;\" class=\"vk_inline-font-size\">\u5927\u5b66\u53d7\u9a13\u57fa\u6e96\u3067\u306e\u5b66\u7fd2<\/span><\/strong>\u3092\u30b3\u30c4\u30b3\u30c4\u3068\u7a4d\u307f\u91cd\u306d\u3066\u3044\u304f\u5fc5\u8981\u304c\u3042\u308b\u306e\u3060\u3002\u305d\u306e<a href=\"https:\/\/rainflower-corp.com\/hyakujuku\/curriculum\/#planblock\">\u5177\u4f53\u7684\u306a\u6226\u7565\u7684\u5b66\u7fd2\u8a08\u753b\u306f<strong>\u30b3\u30c1\u30e9<\/strong><\/a>\u3002<\/p>\n\n\n\n<h2 class=\"wp-block-heading\">\uff08\u3055\u3066\u3001\u7279\u5fb4\u2776\uff5e\u2778\u3092\u4f53\u611f\u3057\u3066\u307f\u3088\u3046\uff01\uff09<br>\u5927\u5b66\u53d7\u9a13\u6570\u5b66\u306e\u5b9f\u969b\u306e\u554f\u984c\u3092\u898b\u3066\u307f\u3088\u3046\uff01<\/h2>\n\n\n\n<p>\u3055\u3066\u3001\u5927\u5b66\u53d7\u9a13\u6570\u5b66\u306e\u554f\u984c\u304c\u3069\u308c\u3050\u3089\u3044\u96e3\u3057\u3044\u304b\u3001\u5c11\u3057\u57a3\u9593\u898b\u3066\u3082\u3089\u304a\u3046\u3002\u307e\u305a\u306f\u4e0b\u306e\u7b54\u6848\u753b\u50cf\u3092\u898b\u3066\u307b\u3057\u3044\u3002\u3053\u308c\u306f\u9ad8\u6821\u6570\u5b66\u4e2d\u76e4\u3067\u7fd2\u3046\u30d9\u30af\u30c8\u30eb\u3068\u3044\u3046\u5358\u5143\u3092\u984c\u6750\u3068\u3057\u305f\u5165\u8a66\u554f\u984c1\u984c\u5206\u306e\u7b54\u6848\u3067\u3042\u308b\u3002\u3055\u3066\u3001\u3053\u3053\u3067\u554f\u984c\u3067\u3059\u3002<\/p>\n\n\n\n<p><span data-fontsize=\"18px\" style=\"font-size: 18px;\" class=\"vk_inline-font-size\"><strong>\u3053\u306e\u554f\u984c\u306f\u3069\u3053\u306e\u5165\u8a66\u554f\u984c\u3067\u3057\u3087\u3046\uff1f<\/strong><\/span><\/p>\n\n\n\n<p><br>\u30ab\u30f3\u3067\u826f\u3044\u304b\u3089\u96f0\u56f2\u6c17\u3068\u8a18\u8ff0\u91cf\u3067\u96e3\u3057\u3055\u3092\u63a8\u3057\u91cf\u3063\u3066\u6b32\u3057\u3044\u3002\u306a\u304b\u306a\u304b\u96e3\u3057\u305d\u3046\u3060\uff08\u5b9f\u969b\u96e3\u3057\u3044\uff09\u3002<\/p>\n\n\n\n<figure class=\"wp-block-image size-full\"><img loading=\"lazy\" decoding=\"async\" width=\"2733\" height=\"1954\" src=\"https:\/\/rainflower-corp.com\/hyakujuku\/wp-content\/uploads\/2026\/01\/difficulty_of_math_nichidai.jpg\" alt=\"\u5927\u5b66\u53d7\u9a13\u6570\u5b66\u304c\u3044\u304b\u306b\u96e3\u3057\u3044\u304b\u3092\u898b\u3066\u3082\u3089\u3046\u305f\u3081\u306b\u3001\u307e\u305a\u306f\u65e5\u5927\u306e\u6570\u5b66\u306e\u554f\u984c\u3092\u4f8b\u306b\u6319\u3052\u308b\u304c\u3001\u307b\u3068\u3093\u3069\u306e\u4eba\u304c\u3053\u306e\u554f\u984c\u3092\u6771\u5927\u306a\u3069\u306e\u6700\u96e3\u95a2\u30ec\u30d9\u30eb\u306e\u5165\u8a66\u3060\u3068\u601d\u3063\u3066\u3057\u307e\u3046\u3002\" class=\"wp-image-131\"\/><\/figure>\n\n\n\n<p>\u3053\u308c\u3092\u898b\u305b\u308b\u3068\u591a\u304f\u306e\u4eba\u304c\u300c\u6771\u5927\u300d\u300c\u65e9\u7a32\u7530\u300d\u300c\u6771\u5317\u5927\u300d\u300c\u5927\u962a\u5927\u300d\u306a\u3069\u601d\u3044\u601d\u3044\u306e\u96e3\u95a2\u5927\u5b66\u3092\u7b54\u3048\u308b\u306e\u3060\u304c\u3001<\/p>\n\n\n\n<p><br><strong>\u7b54\u3048\u306f\u300c\u65e5\u672c\u5927\u5b66\u5168\u5b66\u90e8\u5165\u8a66\u300d\u306e\u554f\u984c<\/strong>\u3067\u3042\u308b\u3002<\/p>\n\n\n\n<p>\u5927\u5b66\u53d7\u9a13\u306e\u306a\u304b\u3067\u306f\u30de\u30a4\u30eb\u30c9\u306a\u8a66\u9a13\uff08<strong>\u305f\u3068\u3048\u3070\u5171\u901a\u30c6\u30b9\u30c8\u306e\u6570\u5b66\u306f\u3082\u3063\u3068\u96e3\u3057\u3044<\/strong>\uff09\u3067\u8a66\u9a13\u6642\u9593\u306f\uff16\u984c\u306760\u5206\u3001\u3053\u306e\u554f\u984c\u306b\u304b\u3051\u3089\u308c\u308b\u6642\u9593\u306f\u305f\u3063\u305f10\u5206\u3002\u52ff\u8ad6\u672c\u756a\u306f\u30de\u30fc\u30af\u5f0f\u306a\u306e\u3067\u3053\u3093\u306a\u306b\u4e01\u5be7\u306b\u8a18\u8ff0\u3057\u306a\u304f\u3066\u3082\u826f\u3044\u306e\u3060\u304c\u300110\u5206\u3067\u3053\u308c\u3092\u89e3\u304f\u306e\u306f\u5927\u5909\u3060\u3002\u9752\u30c1\u30e3\u30fc\u30c8\u306a\u3069\u7db2\u7f85\u7cfb\u554f\u984c\u96c6\u306e\u91cd\u8981\u4f8b\u984c\u3088\u308a\u3082\u3084\u3084\u96e3\u3057\u3044\u7a0b\u5ea6\u306e\u554f\u984c\u3060\u3002\u3053\u308c\u306f\u3001\u7279\u5225\u96e3\u3057\u3044\u554f\u984c\u3092\u53d6\u308a\u4e0a\u3052\u305f\u308f\u3051\u3067\u306a\u304f\u3001\u4eca\u306e\u65e5\u672c\u5927\u5b66\u306e\u6a19\u6e96\u30ec\u30d9\u30eb\u306e\u554f\u984c\u3092\u53d6\u308a\u4e0a\u3052\u3066\u3044\u308b\u3002<\/p>\n\n\n\n<p>\u3055\u3066\u3001\u3067\u306f\u3044\u3088\u3044\u3088\u6b21\u306e\u554f\u984c\u306e\u7b54\u6848\u306f\u3069\u3053\u306e\u5927\u5b66\u306e\u5165\u8a66\u3060\u308d\u3046\u304b\uff1f<br>\u7b54\u6848\u3092\u898b\u308b\u3068\u3001\u524d\u306e\u554f\u984c\u3088\u308a\u3082\u305a\u3063\u3068\u96e3\u3057\u305d\u3046\u3060\u3002<\/p>\n\n\n\n<figure class=\"wp-block-image size-full\"><img loading=\"lazy\" decoding=\"async\" width=\"3086\" height=\"2182\" src=\"https:\/\/rainflower-corp.com\/hyakujuku\/wp-content\/uploads\/2026\/01\/difficulty_of_math_meiji.jpg\" alt=\"\u5927\u5b66\u53d7\u9a13\u6570\u5b66\u306e\u96e3\u3057\u3055\u3092\u77e5\u3063\u3066\u3082\u3089\u3046\u305f\u3081\u306b\u660e\u6cbb\u5927\u5b66\u306e1\u984c\u5206\u306e\u7b54\u6848\u3092\u6319\u3052\u308b\u3002\" class=\"wp-image-132\"\/><\/figure>\n\n\n\n<p>\u3064\u3044\u306b\u300c\u6771\u5927\u300d\u304b\u3068\u601d\u3044\u304d\u3084\u3001\u3053\u308c\u306f\u300cGMARCH\u300d\u7b46\u982d\u3001\u660e\u6cbb\u5927\u5b66\u7406\u5de5\u5b66\u90e8\u306e\u5165\u8a66\u554f\u984c\u3067\u3042\u308b\u3002\u9069\u6027\u89e3\u7b54\u6642\u9593\u306f\u7d0415\uff5e20\u5206\u3002\u9752\u30c1\u30e3\u30fc\u30c8\u306e\u4f8b\u984c\u3088\u308a\u3082\u305a\u3063\u3068\u96e3\u3057\u3044\u3002\u3053\u308c\u3092\u6700\u5f8c\u307e\u3067\u8a08\u7b97\u9593\u9055\u3044\u305b\u305a\u7b54\u3048\u3092\u5408\u308f\u305b\u308b\u306b\u306f\u3001\u65e5\u9803\u304b\u3089\u76f8\u5f53\u306a\u8a08\u7b97\u7df4\u7fd2\u304c\u5fc5\u8981\u3060\u3002<\/p>\n\n\n\n<p>\u305f\u307e\u306b\u3001<strong>\u300c\u305b\u3081\u3066\u65e5\u5927\u306b\u306f\u300d\u3068\u304b\u300c\u305b\u3081\u3066MARCH\u306b\u306f\u300d<\/strong>\u3068\u8a00\u3046\u4eba\u304c\u3044\u308b\u304c\u3001\u300c\u305b\u3081\u3066\u300d\u306e\u5b57\u304c\u9055\u3046\u3002<br>\u305d\u3053\u306f\u305b\u3081\u3066<strong>\u300c\u653b\u3081\u3066\u3007\u3007\u5927\u300d<\/strong>\u3068\u3044\u3046\u8a00\u8449\u3092\u4f7f\u3063\u3066\u6b32\u3057\u3044\u3002<\/p>\n\n\n\n<p>\u3044\u3088\u3044\u3088\u6700\u5f8c\u306e\u554f\u984c\u3060\u3002\u77e5\u8b58\u30ec\u30d9\u30eb\u306f\u9ad8\u6821\u6570\u5b66\u306e\u5e8f\u76e4\u3001\u6570\u5b66\u2160A\u306e\u77e5\u8b58\u3067\u89e3\u3051\u308b\u554f\u984c\u306a\u306e\u3060\u304c\u3001\u304b\u306a\u308a\u306e\u30dc\u30ea\u30e5\u30fc\u30e0\u306b\u898b\u3048\u308b\u3002\u3053\u308c\u3067\u5165\u8a661\u984c\u5206\u3060\u3002\u3069\u3053\u306e\u5927\u5b66\u3067\u3057\u3087\u3046\uff1f\u6b21\u3053\u305d\u5f53\u3066\u3066\u3082\u3089\u3044\u305f\u3044\u3002<\/p>\n\n\n\n<figure class=\"wp-block-image size-full\"><img loading=\"lazy\" decoding=\"async\" width=\"3086\" height=\"2182\" src=\"https:\/\/rainflower-corp.com\/hyakujuku\/wp-content\/uploads\/2026\/01\/difficulty_of_math_todai.jpg\" alt=\"\u5927\u5b66\u53d7\u9a13\u6570\u5b66\u306e\u96e3\u3057\u3055\u3092\u77e5\u3063\u3066\u3082\u3089\u3046\u305f\u3081\u306b\u3001\u6700\u5f8c\u306b\u6771\u5927\u6570\u5b66\u306e1\u984c\u5206\u306e\u7b54\u6848\u3092\u6319\u3052\u308b\u3002\" class=\"wp-image-135\"\/><\/figure>\n\n\n\n<p>\u3053\u308c\u304c\u300c\u6771\u5927\u300d\u3060\u3002\u9752\u3067\u56f2\u3093\u3060\u90e8\u5206\u306e\u51e6\u7406\u3060\u3051\u3067\u3001\u5148\u307b\u3069\u306e\u65e5\u672c\u5927\u5b66\u306e\u5165\u8a66\u554f\u984c1\u984c\u5206\u3050\u3089\u3044\u306e\u51e6\u7406\u304c\u5fc5\u8981\u3067\u3042\u308b\u3002\u672c\u756a\u3067\u306f\u3053\u308c\u309230\u5206\uff5e50\u5206\u3050\u3089\u3044\u3067\u89e3\u3051\u308b\u3068\u7406\u2160\u306b\u5408\u683c\u3067\u304d\u308b\uff1f\u304b\u3082\u3057\u308c\u306a\u3044\u3002<\/p>\n\n\n\n<h2 class=\"wp-block-heading\">\u96e3\u95a2\u5927\u5b66\u306b\u5408\u683c\u3059\u308b\u305f\u3081\u306b\u306f\u3001<br>\u65e9\u671f\u304b\u3089\u5927\u5b66\u53d7\u9a13\u57fa\u6e96\u3067\u306e\u6e96\u5099\u304c\u5fc5\u9808\uff01<\/h2>\n\n\n\n<p>\u3053\u3046\u3057\u3066\u3001\u5b66\u6821\u306e\u52c9\u5f37\u3060\u3051\u3067\u306f\u6b86\u3069\u306e\u4eba\u304c\u3069\u3046\u306b\u3082\u306a\u3089\u306a\u3044\u306e\u304c\u5927\u5b66\u53d7\u9a13\u6570\u5b66\u306a\u306e\u3060\u3002\u3055\u3063\u304d\u306e\u660e\u6cbb\u5927\u5b66\u3084\u6771\u5927\u306e\u6570\u5b66\u306e\u554f\u984c\u3092\u3001\u5236\u9650\u6642\u9593\u5185\u306b\u7b54\u3048\u3092\u51fa\u3059\u307e\u3067\u306e\u904e\u7a0b\u3067\u4e00\u5ea6\u3082\u8a08\u7b97\u30df\u30b9\u305b\u305a\u306b\u7b54\u6848\u3092\u66f8\u304d\u4e0a\u3052\u308b\u305f\u3081\u306b\u306f\u3001\u77e5\u8b58\u3060\u3051\u3084\u7406\u89e3\u3060\u3051\u3067\u306f\u3069\u3046\u306b\u3082\u306a\u3089\u306a\u3044\u3002\u8a08\u7b97\u529b\u3072\u3068\u3064\u3068\u3063\u3066\u3082\u6c17\u304c\u9060\u304f\u306a\u308b\u307b\u3069\u306e\u7df4\u7fd2\u304c\u5fc5\u8981\u3060\u3002<br>\u300c\u5b66\u6821\u306e\u52c9\u5f37\u3092\u9811\u5f35\u308c\u3070\u5927\u4e08\u592b\uff01\u300d\u3060\u3063\u305f\u9ad8\u6821\u53d7\u9a13\u3068\u306f\u307e\u3063\u305f\u304f\u9055\u3046\u3053\u3068\u304c\u5206\u304b\u3063\u3066\u3082\u3089\u3048\u308b\u3060\u308d\u3046\u304b\u3002\u767e\u71c8\u587e\u3067\u306f\u3001\u5927\u5b66\u53d7\u9a13\u57fa\u6e96\u306e\u5b66\u7fd2\u3092\u3001\u6559\u79d1\u66f8\u3088\u308a\u3082\u7c21\u5358\u306a\u30b9\u30e2\u30fc\u30eb\u30b9\u30c6\u30c3\u30d7\u3067\u884c\u3048\u308b\u300c\u6570\u5b66\u30ea\u30cb\u30a2\u300d\u3092\u7528\u3044\u3066\u3001\u5b66\u6821\u306e\u52c9\u5f37\u3068\u5927\u5b66\u53d7\u9a13\u306e\u52c9\u5f37\u306e\u4e21\u7acb\uff08\u6b63\u78ba\u306b\u8a00\u3048\u3070\u3001\u3088\u308a\u5c11\u306a\u3044\u6642\u9593\u3067\u5927\u5b66\u53d7\u9a13\u57fa\u6e96\u306e\u5b66\u7fd2\u3068\u5b66\u6821\u306e\u5b66\u7fd2\u53cc\u65b9\u3092\u517c\u306d\u308b\u65b9\u6cd5\uff09\u304c\u3067\u304d\u308b\u3088\u3046\u306b\u6307\u5c0e\u3092\u884c\u3063\u3066\u3044\u304f\u3002<\/p>\n\n\n\n<p><\/p>\n","protected":false},"excerpt":{"rendered":"<p>\u7279\u5fb4\u2776 \u5927\u5b66\u53d7\u9a13\u6570\u5b66\u306f\u201c\u4e0d\u5408\u683c\u201d\u304c\u6c7a\u307e\u308b\u6050\u308d\u3057\u3044\u79d1\u76ee\u3002 \u5927\u5b66\u53d7\u9a13\u300c\u6570\u5b66\u300d\u306e\u4e00\u756a\u306e\u7279\u5fb4\u306f\u3001\u5927\u554f\u306e\u6570\u304c\u5c11\u306a\u3044\u3053\u3068\u3060\u3002 \u96e3\u95a2\u5927\u5b66\u306e\u5165\u8a66\u554f\u984c\u306e\u5927\u554f\u6570\u306f\u3001\u5e73\u5747\u3057\u3066\uff14\uff5e\uff15\u984c\u3002100\u70b9\u6e80\u70b9\u306e\u30c6\u30b9\u30c8\u3060\u3068\u3059\u308b\u3068\u30011\u984c\u3042\u305f\u308a20\u70b9\uff5e25\u70b9\u3068 [&hellip;]<\/p>\n","protected":false},"author":1,"featured_media":0,"parent":0,"menu_order":0,"comment_status":"closed","ping_status":"closed","template":"","meta":{"vkexunit_cta_each_option":"","footnotes":""},"class_list":["post-63","page","type-page","status-publish","hentry"],"_links":{"self":[{"href":"https:\/\/rainflower-corp.com\/hyakujuku\/wp-json\/wp\/v2\/pages\/63","targetHints":{"allow":["GET"]}}],"collection":[{"href":"https:\/\/rainflower-corp.com\/hyakujuku\/wp-json\/wp\/v2\/pages"}],"about":[{"href":"https:\/\/rainflower-corp.com\/hyakujuku\/wp-json\/wp\/v2\/types\/page"}],"author":[{"embeddable":true,"href":"https:\/\/rainflower-corp.com\/hyakujuku\/wp-json\/wp\/v2\/users\/1"}],"replies":[{"embeddable":true,"href":"https:\/\/rainflower-corp.com\/hyakujuku\/wp-json\/wp\/v2\/comments?post=63"}],"version-history":[{"count":17,"href":"https:\/\/rainflower-corp.com\/hyakujuku\/wp-json\/wp\/v2\/pages\/63\/revisions"}],"predecessor-version":[{"id":355,"href":"https:\/\/rainflower-corp.com\/hyakujuku\/wp-json\/wp\/v2\/pages\/63\/revisions\/355"}],"wp:attachment":[{"href":"https:\/\/rainflower-corp.com\/hyakujuku\/wp-json\/wp\/v2\/media?parent=63"}],"curies":[{"name":"wp","href":"https:\/\/api.w.org\/{rel}","templated":true}]}}